{"id":92,"date":"2020-09-26T15:30:40","date_gmt":"2020-09-26T13:30:40","guid":{"rendered":"http:\/\/ikap.spsbv.cz\/?page_id=92"},"modified":"2020-11-27T10:17:19","modified_gmt":"2020-11-27T09:17:19","slug":"dokumenty","status":"publish","type":"page","link":"https:\/\/ikap.spsbv.cz\/index.php\/dokumenty\/","title":{"rendered":"Dokumenty"},"content":{"rendered":"\n<p><\/p>\n\n\n\n<p>\u017d\u00e1danka n\u00e1kupu &#8211; projekt <\/p>\n\n\n\n<div class=\"wp-block-file\"><a href=\"http:\/\/ikap.spsbv.cz\/wp-content\/uploads\/2020\/11\/Zadanka_vydaje_projekt_V3.pdf\">Zadanka_vydaje_projekt_V3<\/a><a href=\"http:\/\/ikap.spsbv.cz\/wp-content\/uploads\/2020\/11\/Zadanka_vydaje_projekt_V3.pdf\" class=\"wp-block-file__button\" download>St\u00e1hnout<\/a><\/div>\n\n\n\n<p><\/p>\n\n\n\n<p>T\u0159\u00eddn\u00ed kniha &#8211; krou\u017eky<\/p>\n\n\n\n<div class=\"wp-block-file\"><a href=\"http:\/\/ikap.spsbv.cz\/wp-content\/uploads\/2020\/09\/Tridni_kniha-2.xlsx\">Tridni_kniha-2<\/a><a href=\"http:\/\/ikap.spsbv.cz\/wp-content\/uploads\/2020\/09\/Tridni_kniha-2.xlsx\" class=\"wp-block-file__button\" download>St\u00e1hnout<\/a><\/div>\n\n\n\n<p>P15_27.7._Smlouva-o-partnerstvi-s-financnim-prispevkem-<\/p>\n\n\n\n<div class=\"wp-block-file\"><a href=\"http:\/\/ikap.spsbv.cz\/wp-content\/uploads\/2020\/09\/P15_27.7._Smlouva-o-partnerstvi-s-financnim-prispevkem-3-1.docx\">P15_27.7._Smlouva-o-partnerstvi-s-financnim-prispevkem-3-1<\/a><a href=\"http:\/\/ikap.spsbv.cz\/wp-content\/uploads\/2020\/09\/P15_27.7._Smlouva-o-partnerstvi-s-financnim-prispevkem-3-1.docx\" class=\"wp-block-file__button\" download>St\u00e1hnout<\/a><\/div>\n\n\n\n<p>P15_Rozpocet_6.3.20_podrobny<\/p>\n\n\n\n<div class=\"wp-block-file\"><a href=\"http:\/\/ikap.spsbv.cz\/wp-content\/uploads\/2020\/09\/P15_Rozpocet_6.3.20_podrobny-1.xlsx\">P15_Rozpocet_6.3.20_podrobny-1<\/a><a href=\"http:\/\/ikap.spsbv.cz\/wp-content\/uploads\/2020\/09\/P15_Rozpocet_6.3.20_podrobny-1.xlsx\" class=\"wp-block-file__button\" download>St\u00e1hnout<\/a><\/div>\n\n\n\n<p>P15_rozpocet-1<\/p>\n\n\n\n<div class=\"wp-block-file\"><a href=\"http:\/\/ikap.spsbv.cz\/wp-content\/uploads\/2020\/09\/P15_rozpocet-1-1.xlsx\">P15_rozpocet-1-1<\/a><a href=\"http:\/\/ikap.spsbv.cz\/wp-content\/uploads\/2020\/09\/P15_rozpocet-1-1.xlsx\" class=\"wp-block-file__button\" download>St\u00e1hnout<\/a><\/div>\n\n\n\n<p>P15-Financni-plan<\/p>\n\n\n\n<div class=\"wp-block-file\"><a href=\"http:\/\/ikap.spsbv.cz\/wp-content\/uploads\/2020\/09\/P15-Financni-plan-\u2013-SS-E.B.-Breclav-1.xlsx\">P15-Financni-plan-\u2013-SS-E.B.-Breclav-1<\/a><a href=\"http:\/\/ikap.spsbv.cz\/wp-content\/uploads\/2020\/09\/P15-Financni-plan-\u2013-SS-E.B.-Breclav-1.xlsx\" class=\"wp-block-file__button\" download>St\u00e1hnout<\/a><\/div>\n\n\n\n<p>Priloha-c.-1_Zamer_Partnera_15-2St\u00e1hnout<\/p>\n\n\n\n<div class=\"wp-block-file\"><a href=\"http:\/\/ikap.spsbv.cz\/wp-content\/uploads\/2020\/09\/Priloha-c.-1_Zamer_Partnera_15-2-1.docx\">Priloha-c.-1_Zamer_Partnera_15-2-1<\/a><a href=\"http:\/\/ikap.spsbv.cz\/wp-content\/uploads\/2020\/09\/Priloha-c.-1_Zamer_Partnera_15-2-1.docx\" class=\"wp-block-file__button\" download>St\u00e1hnout<\/a><\/div>\n\n\n\n<p><\/p>\n\n\n\n<figure class=\"wp-block-image size-large\"><img loading=\"lazy\" width=\"790\" height=\"82\" src=\"http:\/\/ikap.spsbv.cz\/wp-content\/uploads\/2020\/09\/logolink-e1601322024709.jpg\" alt=\"\" class=\"wp-image-15\"\/><\/figure>\n","protected":false},"excerpt":{"rendered":"<p>\u017d\u00e1danka n\u00e1kupu &#8211; projekt T\u0159\u00eddn\u00ed kniha &#8211; krou\u017eky P15_27.7._Smlouva-o-partnerstvi-s-financnim-prispevkem- P15_Rozpocet_6.3.20_podrobny P15_rozpocet-1 P15-Financni-plan Priloha-c.-1_Zamer_Partnera_15-2St\u00e1hnout<\/p>\n","protected":false},"author":1,"featured_media":0,"parent":0,"menu_order":8,"comment_status":"closed","ping_status":"closed","template":"","meta":[],"_links":{"self":[{"href":"https:\/\/ikap.spsbv.cz\/index.php\/wp-json\/wp\/v2\/pages\/92"}],"collection":[{"href":"https:\/\/ikap.spsbv.cz\/index.php\/wp-json\/wp\/v2\/pages"}],"about":[{"href":"https:\/\/ikap.spsbv.cz\/index.php\/wp-json\/wp\/v2\/types\/page"}],"author":[{"embeddable":true,"href":"https:\/\/ikap.spsbv.cz\/index.php\/wp-json\/wp\/v2\/users\/1"}],"replies":[{"embeddable":true,"href":"https:\/\/ikap.spsbv.cz\/index.php\/wp-json\/wp\/v2\/comments?post=92"}],"version-history":[{"count":5,"href":"https:\/\/ikap.spsbv.cz\/index.php\/wp-json\/wp\/v2\/pages\/92\/revisions"}],"predecessor-version":[{"id":133,"href":"https:\/\/ikap.spsbv.cz\/index.php\/wp-json\/wp\/v2\/pages\/92\/revisions\/133"}],"wp:attachment":[{"href":"https:\/\/ikap.spsbv.cz\/index.php\/wp-json\/wp\/v2\/media?parent=92"}],"curies":[{"name":"wp","href":"https:\/\/api.w.org\/{rel}","templated":true}]}}