{"id":48,"date":"2020-09-26T14:50:57","date_gmt":"2020-09-26T12:50:57","guid":{"rendered":"http:\/\/ikap.spsbv.cz\/?page_id=48"},"modified":"2020-09-28T21:40:29","modified_gmt":"2020-09-28T19:40:29","slug":"sdileni-uceben","status":"publish","type":"page","link":"https:\/\/ikap.spsbv.cz\/index.php\/sdileni-uceben\/","title":{"rendered":"Sd\u00edlen\u00ed u\u010deben"},"content":{"rendered":"\n<figure class=\"wp-block-image size-large is-resized\"><img loading=\"lazy\" src=\"http:\/\/ikap.spsbv.cz\/wp-content\/uploads\/2020\/09\/sdileni.png\" alt=\"\" class=\"wp-image-54\" width=\"616\" height=\"118\" srcset=\"https:\/\/ikap.spsbv.cz\/wp-content\/uploads\/2020\/09\/sdileni.png 616w, https:\/\/ikap.spsbv.cz\/wp-content\/uploads\/2020\/09\/sdileni-300x57.png 300w\" sizes=\"(max-width: 616px) 100vw, 616px\" \/><\/figure>\n\n\n\n<p><strong>Popis realizace podaktivity<\/strong><\/p>\n\n\n\n<p><p style=\"text-align: justify\">Bude realizovan\u00e1 spolupr\u00e1ce s&nbsp;ostatn\u00edmi st\u0159edn\u00edmi a z\u00e1kladn\u00edmi \u0161kolami v&nbsp;regionu B\u0159eclavi a JMK zam\u011b\u0159en\u00e1 na sd\u00edlen\u00ed u\u010debny \u201eVirtu\u00e1ln\u00ed reality\u201c a pracovi\u0161t\u011b \u201eObnoviteln\u00fdch zdroj\u016f\u201c. P\u0159edb\u011b\u017en\u00e1 domluva byla provedena se st\u0159edn\u00ed \u0161kolou Gymn\u00e1zium B\u0159eclav a se St\u0159edn\u00ed \u0161kolou technickou a ekonomickou Brno, Olomouck\u00e1, p\u0159\u00edsp\u011bvkov\u00e1 organizace.&nbsp; U z\u00e1kladn\u00edch \u0161kol budeme nad\u00e1le pokra\u010dovat ve spolupr\u00e1ci se z\u00e1kladn\u00edmi \u0161kolami v&nbsp;B\u0159eclavi na ulici Valtick\u00e1, Kupkova a Slov\u00e1ck\u00e1 (pokra\u010dov\u00e1n\u00ed z&nbsp;projektu PolyGram). Na vybran\u00e9 u\u010debn\u011b jsou provedeny uk\u00e1zky modern\u00edch technologi\u00ed a n\u00e1sledn\u011b si \u017e\u00e1ci spolupracuj\u00edc\u00edch st\u0159edn\u00edch \u0161kol mohou vyzkou\u0161et jejich aplikace v&nbsp;technick\u00fdch a p\u0159\u00edrodn\u00edch v\u011bd\u00e1ch. Zam\u011b\u0159en\u00ed dle laborato\u0159\u00ed na obnoviteln\u00e9 zdroje energie a vyu\u017e\u00edv\u00e1n\u00ed virtu\u00e1ln\u00ed a roz\u0161\u00ed\u0159en\u00e9 reality p\u0159i vzd\u011bl\u00e1v\u00e1n\u00ed a v&nbsp;praxi. Na pracovi\u0161ti obnoviteln\u00fdch zdroj\u016f jsou demonstrov\u00e1ny alternativn\u00ed mo\u017enosti v\u00fdroby elektrick\u00e9 energie. <strong>U\u010debna virtu\u00e1ln\u00ed a roz\u0161\u00ed\u0159en\u00e9 reality<\/strong> a <strong>pracovi\u0161t\u011b obnoviteln\u00fdch zdroj\u016f<\/strong>. V&nbsp;r\u00e1mci projektu bude vybudov\u00e1na u\u010debna virtu\u00e1ln\u00ed reality a pracovi\u0161t\u011b obnoviteln\u00fdch zdroj\u016f zam\u011b\u0159en\u00e9 na rozvoj technick\u00e9 p\u0159edstavivosti a \u010d\u00e1ste\u010dn\u011b i zru\u010dnosti \u017e\u00e1k\u016f Z\u0160. Modern\u00ed vybavenost u\u010deben zv\u00fd\u0161\u00ed z\u00e1jem \u017e\u00e1k\u016f o studium techniky a p\u0159\u00edrodn\u00edch v\u011bd. \u017d\u00e1ci budou m\u00edt mo\u017enost samostatn\u011b konstruovat r\u016fzn\u00e1 technick\u00e1 za\u0159\u00edzen\u00ed a ov\u011b\u0159ovat jejich funk\u010dnost na modern\u00ed m\u011b\u0159ic\u00ed technice. Budou m\u00edt mo\u017enost si sami p\u0159ipravit jednoduch\u00e9 projekty pro virtu\u00e1ln\u00ed a roz\u0161\u00ed\u0159enou realitu a aplikovat je v&nbsp;r\u00e1mci jednoduch\u00fdch praktick\u00fdch \u00faloh (u\u010debna virtu\u00e1ln\u00ed reality). V&nbsp;r\u00e1mci projektu bude vybudov\u00e1no pracovi\u0161t\u011b obnoviteln\u00fdch zdroj\u016f, kde budou prezentov\u00e1ny uk\u00e1zky alternativn\u00edch zdroj\u016f energie se zam\u011b\u0159en\u00edm na technick\u00e9 a manu\u00e1ln\u00ed postupy ve vztahu k&nbsp;z\u00e1sad\u00e1m ochrany \u017eivotn\u00edho prost\u0159ed\u00ed. \u017d\u00e1ci si sami vyzkou\u0161\u00ed na jednoduch\u00fdch p\u0159\u00edpravc\u00edch metody, kter\u00e9 vedou k&nbsp;ochran\u011b \u017eivotn\u00edho prost\u0159ed\u00ed s&nbsp;vyu\u017eit\u00edm p\u0159\u00edrodn\u00edch zdroj\u016f energie<strong>. <\/strong>V&nbsp;r\u00e1mci projektu budou realizov\u00e1ny spole\u010dn\u00e9 dny se spolupracuj\u00edc\u00edmi subjekty na t\u00e9ma \u201eVirtu\u00e1ln\u00ed realita\u201c a \u201eObnoviteln\u00e9 zdroje energie\u201c.<strong> <em>Tato aktivita navazuje na projekt PolyGram v&nbsp;oblasti budov\u00e1n\u00ed a sd\u00edlen\u00ed u\u010debny virtu\u00e1ln\u00ed reality.<\/em><\/strong><\/p><\/p>\n\n\n\n<p><strong>V\u00fdstup kl\u00ed\u010dov\u00e9 podaktivity<\/strong><\/p>\n\n\n\n<ol><li>dokon\u010den\u00ed 1x u\u010debny virtu\u00e1ln\u00ed reality<\/li><li>vytvo\u0159en\u00ed 1x pracovi\u0161t\u011b obnoviteln\u00fdch zdroj\u016f<\/li><li>realizace 4 x spole\u010dn\u00e9 dny s&nbsp;vybran\u00fdm subjektem na t\u00e9ma virtu\u00e1ln\u00ed realita a obnoviteln\u00e9 zdroje energie<\/li><\/ol>\n\n\n\n<p><\/p>\n\n\n\n<figure class=\"wp-block-image size-large\"><img loading=\"lazy\" width=\"790\" height=\"82\" src=\"http:\/\/ikap.spsbv.cz\/wp-content\/uploads\/2020\/09\/logolink-e1601322024709.jpg\" alt=\"\" class=\"wp-image-15\"\/><\/figure>\n","protected":false},"excerpt":{"rendered":"<p>Popis realizace podaktivity Bude realizovan\u00e1 spolupr\u00e1ce s&nbsp;ostatn\u00edmi st\u0159edn\u00edmi a z\u00e1kladn\u00edmi \u0161kolami v&nbsp;regionu B\u0159eclavi a JMK zam\u011b\u0159en\u00e1 na sd\u00edlen\u00ed u\u010debny \u201eVirtu\u00e1ln\u00ed reality\u201c a pracovi\u0161t\u011b \u201eObnoviteln\u00fdch zdroj\u016f\u201c. P\u0159edb\u011b\u017en\u00e1 domluva byla provedena se st\u0159edn\u00ed \u0161kolou Gymn\u00e1zium B\u0159eclav a se St\u0159edn\u00ed \u0161kolou technickou a &hellip; <a href=\"https:\/\/ikap.spsbv.cz\/index.php\/sdileni-uceben\/\">Cel\u00fd p\u0159\u00edsp\u011bvek <span class=\"meta-nav\">&rarr;<\/span><\/a><\/p>\n","protected":false},"author":1,"featured_media":0,"parent":0,"menu_order":7,"comment_status":"closed","ping_status":"closed","template":"","meta":[],"_links":{"self":[{"href":"https:\/\/ikap.spsbv.cz\/index.php\/wp-json\/wp\/v2\/pages\/48"}],"collection":[{"href":"https:\/\/ikap.spsbv.cz\/index.php\/wp-json\/wp\/v2\/pages"}],"about":[{"href":"https:\/\/ikap.spsbv.cz\/index.php\/wp-json\/wp\/v2\/types\/page"}],"author":[{"embeddable":true,"href":"https:\/\/ikap.spsbv.cz\/index.php\/wp-json\/wp\/v2\/users\/1"}],"replies":[{"embeddable":true,"href":"https:\/\/ikap.spsbv.cz\/index.php\/wp-json\/wp\/v2\/comments?post=48"}],"version-history":[{"count":4,"href":"https:\/\/ikap.spsbv.cz\/index.php\/wp-json\/wp\/v2\/pages\/48\/revisions"}],"predecessor-version":[{"id":117,"href":"https:\/\/ikap.spsbv.cz\/index.php\/wp-json\/wp\/v2\/pages\/48\/revisions\/117"}],"wp:attachment":[{"href":"https:\/\/ikap.spsbv.cz\/index.php\/wp-json\/wp\/v2\/media?parent=48"}],"curies":[{"name":"wp","href":"https:\/\/api.w.org\/{rel}","templated":true}]}}