{"id":29,"date":"2020-09-26T14:08:58","date_gmt":"2020-09-26T12:08:58","guid":{"rendered":"http:\/\/ikap.spsbv.cz\/?page_id=29"},"modified":"2020-09-28T21:38:23","modified_gmt":"2020-09-28T19:38:23","slug":"tvorba-testu","status":"publish","type":"page","link":"https:\/\/ikap.spsbv.cz\/index.php\/tvorba-testu\/","title":{"rendered":"Tvorba test\u016f"},"content":{"rendered":"\n<figure class=\"wp-block-gallery columns-1 is-cropped\"><ul class=\"blocks-gallery-grid\"><li class=\"blocks-gallery-item\"><figure><img loading=\"lazy\" width=\"622\" height=\"121\" src=\"http:\/\/ikap.spsbv.cz\/wp-content\/uploads\/2020\/09\/ka05testy.png\" alt=\"\" data-id=\"34\" data-full-url=\"http:\/\/ikap.spsbv.cz\/wp-content\/uploads\/2020\/09\/ka05testy.png\" data-link=\"http:\/\/ikap.spsbv.cz\/index.php\/tvorba-testu\/ka05testy\/\" class=\"wp-image-34\" srcset=\"https:\/\/ikap.spsbv.cz\/wp-content\/uploads\/2020\/09\/ka05testy.png 622w, https:\/\/ikap.spsbv.cz\/wp-content\/uploads\/2020\/09\/ka05testy-300x58.png 300w\" sizes=\"(max-width: 622px) 100vw, 622px\" \/><\/figure><\/li><\/ul><\/figure>\n\n\n\n<p><p style=\"text-align: justify\">V&nbsp;r\u00e1mci projektu vytvo\u0159\u00edme sady testovac\u00edch ot\u00e1zek v&nbsp;syst\u00e9mu Learning Management Syst\u00e9m (d\u00e1le LMS nap\u0159. Moodle) pro odborn\u00e9 p\u0159edm\u011bty v&nbsp;oborech elektrotechnika, informa\u010dn\u00ed technologie, elektronika a stroj\u00edrenstv\u00ed. Testovac\u00ed ot\u00e1zky v\u00edce zpopularizuj\u00ed u\u010den\u00ed u sou\u010dasn\u00e9 ml\u00e1de\u017ee a formou testov\u00e1n\u00ed z&nbsp;domova se \u017e\u00e1ci l\u00e9pe p\u0159iprav\u00ed na v\u00fduku ve \u0161kole. Celkem p\u0159edpokl\u00e1d\u00e1me vytvo\u0159it ot\u00e1zky pro 20 p\u0159edm\u011bt\u016f (Po\u010d\u00edta\u010dov\u00e1 grafika, Informa\u010dn\u00ed technologie1, Informa\u010dn\u00ed technologie2, Programov\u00e9 vybaven\u00ed1, Programov\u00e9 vybaven\u00ed2, Elektronick\u00e1 za\u0159\u00edzen\u00ed1, Elektronick\u00e1 za\u0159\u00edzen\u00ed2, Technick\u00e9 vybaven\u00ed, Po\u010d\u00edta\u010dov\u00e9 \u0159\u00eddic\u00ed syst\u00e9my, Mechatronika, 3D grafika a n\u00e1vrhy ti\u0161t\u011bn\u00fdch spoj\u016f, Automatizace, Fyzika1 (z\u00e1klady elektrotechniky), Fyzika2 (z\u00e1klady elektrotechniky), \u010c\u00edslicov\u00e1 technika, Elektronika1, Elektronika2, Po\u010d\u00edta\u010dov\u00e9 s\u00edt\u011b1, Po\u010d\u00edta\u010dov\u00e9 s\u00edt\u011b2 a Programov\u00e1n\u00ed). V&nbsp;ka\u017ed\u00e9m p\u0159edm\u011btu bude vytvo\u0159eno 50 ot\u00e1zek<strong>, celkem 1000 testovac\u00edch ot\u00e1zek. Ot\u00e1zky budou d\u00e1le rozv\u00edjeny a dopl\u0148ov\u00e1ny i po skon\u010den\u00ed projektu. <\/strong>Sada test\u016f navazuje na zpracovan\u00e9 elektronick\u00e9 dokumenty z&nbsp;p\u0159edch\u00e1zej\u00edc\u00edho projektu ESF.<\/p><\/p>\n\n\n\n<p><strong>V\u00fdstup kl\u00ed\u010dov\u00e9 podaktivity<\/strong><\/p>\n\n\n\n<p>Je vytvo\u0159eno celkem 1000 testovac\u00edch ot\u00e1zek z&nbsp;20 p\u0159edm\u011bt\u016f.<\/p>\n\n\n\n<figure class=\"wp-block-image size-large\"><img loading=\"lazy\" width=\"498\" height=\"556\" src=\"http:\/\/ikap.spsbv.cz\/wp-content\/uploads\/2020\/09\/testy.png\" alt=\"\" class=\"wp-image-36\" srcset=\"https:\/\/ikap.spsbv.cz\/wp-content\/uploads\/2020\/09\/testy.png 498w, https:\/\/ikap.spsbv.cz\/wp-content\/uploads\/2020\/09\/testy-269x300.png 269w\" sizes=\"(max-width: 498px) 100vw, 498px\" \/><\/figure>\n\n\n\n<p><\/p>\n\n\n\n<figure class=\"wp-block-image size-large\"><img src=\"http:\/\/ikap.spsbv.cz\/wp-content\/uploads\/2020\/09\/logolink-e1601321657793.jpg\" alt=\"\" class=\"wp-image-15\"\/><\/figure>\n","protected":false},"excerpt":{"rendered":"<p>V&nbsp;r\u00e1mci projektu vytvo\u0159\u00edme sady testovac\u00edch ot\u00e1zek v&nbsp;syst\u00e9mu Learning Management Syst\u00e9m (d\u00e1le LMS nap\u0159. Moodle) pro odborn\u00e9 p\u0159edm\u011bty v&nbsp;oborech elektrotechnika, informa\u010dn\u00ed technologie, elektronika a stroj\u00edrenstv\u00ed. Testovac\u00ed ot\u00e1zky v\u00edce zpopularizuj\u00ed u\u010den\u00ed u sou\u010dasn\u00e9 ml\u00e1de\u017ee a formou testov\u00e1n\u00ed z&nbsp;domova se \u017e\u00e1ci l\u00e9pe p\u0159iprav\u00ed &hellip; <a href=\"https:\/\/ikap.spsbv.cz\/index.php\/tvorba-testu\/\">Cel\u00fd p\u0159\u00edsp\u011bvek <span class=\"meta-nav\">&rarr;<\/span><\/a><\/p>\n","protected":false},"author":1,"featured_media":0,"parent":0,"menu_order":5,"comment_status":"closed","ping_status":"closed","template":"","meta":[],"_links":{"self":[{"href":"https:\/\/ikap.spsbv.cz\/index.php\/wp-json\/wp\/v2\/pages\/29"}],"collection":[{"href":"https:\/\/ikap.spsbv.cz\/index.php\/wp-json\/wp\/v2\/pages"}],"about":[{"href":"https:\/\/ikap.spsbv.cz\/index.php\/wp-json\/wp\/v2\/types\/page"}],"author":[{"embeddable":true,"href":"https:\/\/ikap.spsbv.cz\/index.php\/wp-json\/wp\/v2\/users\/1"}],"replies":[{"embeddable":true,"href":"https:\/\/ikap.spsbv.cz\/index.php\/wp-json\/wp\/v2\/comments?post=29"}],"version-history":[{"count":6,"href":"https:\/\/ikap.spsbv.cz\/index.php\/wp-json\/wp\/v2\/pages\/29\/revisions"}],"predecessor-version":[{"id":115,"href":"https:\/\/ikap.spsbv.cz\/index.php\/wp-json\/wp\/v2\/pages\/29\/revisions\/115"}],"wp:attachment":[{"href":"https:\/\/ikap.spsbv.cz\/index.php\/wp-json\/wp\/v2\/media?parent=29"}],"curies":[{"name":"wp","href":"https:\/\/api.w.org\/{rel}","templated":true}]}}