{"id":25,"date":"2020-09-26T14:08:25","date_gmt":"2020-09-26T12:08:25","guid":{"rendered":"http:\/\/ikap.spsbv.cz\/?page_id=25"},"modified":"2020-09-28T21:34:24","modified_gmt":"2020-09-28T19:34:24","slug":"krouzky-pro-zs","status":"publish","type":"page","link":"https:\/\/ikap.spsbv.cz\/index.php\/krouzky-pro-zs\/","title":{"rendered":"Krou\u017eky pro Z\u0160"},"content":{"rendered":"\n<figure class=\"wp-block-image size-large\"><img loading=\"lazy\" width=\"613\" height=\"110\" src=\"http:\/\/ikap.spsbv.cz\/wp-content\/uploads\/2020\/09\/krouzky-1.png\" alt=\"\" class=\"wp-image-43\" srcset=\"https:\/\/ikap.spsbv.cz\/wp-content\/uploads\/2020\/09\/krouzky-1.png 613w, https:\/\/ikap.spsbv.cz\/wp-content\/uploads\/2020\/09\/krouzky-1-300x54.png 300w\" sizes=\"(max-width: 613px) 100vw, 613px\" \/><\/figure>\n\n\n\n<p><strong>Popis realizace podaktivity<\/strong><\/p>\n\n\n\n<p><p style=\"text-align: justify\">Obsahem prvn\u00ed \u010d\u00e1sti zam\u011b\u0159en\u00e9 na Z\u0160 je realizace krou\u017eku pro \u017e\u00e1ky z\u00e1kladn\u00edch \u0161kol se \u010dtrn\u00e1cti tematick\u00fdmi celky, kter\u00e9 vytv\u00e1\u0159\u00ed komplexn\u00ed n\u00e1hled na technick\u00e9 oblasti a jejich aplikovatelnost v praxi a b\u011b\u017en\u00e9m \u017eivot\u011b. Z\u00e1rove\u0148 se sv\u00fdm obsahem krou\u017eek zam\u011b\u0159uje na rozvoj tvo\u0159iv\u00e9ho my\u0161len\u00ed a osvojov\u00e1n\u00ed si konstruk\u010dn\u00edch n\u00e1vyk\u016f s d\u016frazem na zru\u010dnost a preciznost. V r\u00e1mci jednotliv\u00fdch tematick\u00fdch celk\u016f je zd\u016fraz\u0148ov\u00e1na vazba na p\u0159\u00edrodov\u011bdn\u00e9 oblasti p\u0159edev\u0161\u00edm na matematiku a fyziku. Obsahov\u00e1 n\u00e1pl\u0148 vyu\u017e\u00edv\u00e1 ob\u011b oblasti k realizaci mini projekt\u016f, kter\u00e9 \u017e\u00e1ci z\u00e1kladn\u00edch \u0161kol v jednotliv\u00fdch tematick\u00fdch celc\u00edch kurzu vytvo\u0159\u00ed. Krou\u017eek prob\u011bhne na sou\u010d\u00e1sti SP\u0160 a vybran\u00e1 t\u00e9mata pro Z\u0160 budou realizov\u00e1na na sou\u010d\u00e1sti SOU. Celkem bude ve dvou b\u011bz\u00edch krou\u017eku realizov\u00e1no 14 t\u00e9mat pro Z\u0160. Na ka\u017ed\u00e9 t\u00e9ma je pl\u00e1nov\u00e1no celkem 10 hodin (4 hodiny p\u0159\u00edpravy a 6 hodin v\u00fduky). V&nbsp;m\u011bs\u00edci prob\u011bhne v\u017edy jedno t\u00e9ma 2 x 3 hodiny. <strong><em>Tato aktivita navazuje na projekt \u201ePolyGram\u201c.<\/em><\/strong><\/p><\/p>\n\n\n\n<p><p style=\"text-align: justify\">Obsahem druh\u00e9 \u010d\u00e1sti zam\u011b\u0159en\u00e9 na \u017e\u00e1ky S\u0160 je realizace \u010dty\u0159 krou\u017ek\u016f, kter\u00e9 nad r\u00e1mec v\u00fduky motivuj\u00ed \u017e\u00e1ky S\u0160 ke studiu techniky a prohlubuj\u00ed jejich znalosti popul\u00e1rn\u00ed a zaj\u00edmavou formou. Rozv\u00edj\u00ed jejichz\u00e1jem o zvolenou oblast a vytv\u00e1\u0159\u00ed p\u0159edpoklad pro uplatn\u011bn\u00ed t\u011bchto znalost\u00ed p\u0159i dal\u0161\u00edm studiu nebov&nbsp;praxi. V&nbsp;r\u00e1mci projektu budou realizov\u00e1ny \u010dty\u0159i krou\u017eky pro \u017e\u00e1ky S\u0160. K1 &#8211; Obnoviteln\u00e9 zdroje a robotika; K2 &#8211; Technika a vesm\u00edr; K3 &#8211; Po\u010d\u00edta\u010de a mikroelektronika a K4 &#8211; Virtu\u00e1ln\u00ed realita. C\u00edlem krou\u017ek\u016f je v\u00edce motivovat \u017e\u00e1ky S\u0160 ke studiu techniky popul\u00e1rn\u00ed formou.&nbsp; P\u0159i realizaci praktick\u00fdch \u00faloh zvy\u0161ovat jejich manu\u00e1ln\u00ed zru\u010dnost a dovednost. Podchytit jejich z\u00e1jem o techniku a na modern\u00edch za\u0159\u00edzen\u00edch uk\u00e1zat vyu\u017eit\u00ed teoretick\u00fdch znalost\u00ed v&nbsp;praxi. Zam\u011b\u0159en\u00ed krou\u017ek\u016f je na oblasti stroj\u00edrenstv\u00ed, elektrotechnika a informa\u010dn\u00ed a komunika\u010dn\u00ed technologie. Organizace krou\u017ek\u016f: Krou\u017eek se uskute\u010dn\u00ed&nbsp; 2x za m\u011bs\u00edc v&nbsp;trv\u00e1n\u00ed 2 hod<strong>. <\/strong>po dobu30 m\u011bs\u00edc\u016f realizace projektu<strong>.<\/strong><\/p><\/p>\n\n\n\n<p><strong>V\u00fdstup kl\u00ed\u010dov\u00e9 podaktivity<\/strong><\/p>\n\n\n<p style=\"text-align: justify\">\n<\/p><ol>\n<li>1x polytechnick\u00fd krou\u017eek pro \u017e\u00e1ky Z\u0160 se 14 tematick\u00fdmi celky realizov\u00e1n ve dvou b\u011bz\u00edch (2 x 14 t\u00e9mat), na ka\u017ed\u00e9 t\u00e9ma je pl\u00e1nov\u00e1no celkem 10 hodin (4 hodiny p\u0159\u00edpravy a 6 hodin v\u00fduky) po dobu realizace projektu<\/li>\n<li>4 x krou\u017eek pro \u017e\u00e1ky S\u0160 v&nbsp;rozsahu 2x za m\u011bs\u00edc v&nbsp;trv\u00e1n\u00ed 2hod po dobu 30 m\u011bs\u00edc\u016f (doba realizace projektu) <\/li>\n<\/ol>\n\n\n<figure class=\"wp-block-image size-large\"><img loading=\"lazy\" width=\"501\" height=\"389\" src=\"http:\/\/ikap.spsbv.cz\/wp-content\/uploads\/2020\/09\/tbl_krouzky-1.png\" alt=\"\" class=\"wp-image-44\" srcset=\"https:\/\/ikap.spsbv.cz\/wp-content\/uploads\/2020\/09\/tbl_krouzky-1.png 501w, https:\/\/ikap.spsbv.cz\/wp-content\/uploads\/2020\/09\/tbl_krouzky-1-300x233.png 300w\" sizes=\"(max-width: 501px) 100vw, 501px\" \/><\/figure>\n\n\n\n<figure class=\"wp-block-image size-large\"><img src=\"http:\/\/ikap.spsbv.cz\/wp-content\/uploads\/2020\/09\/logolink-e1601321657793.jpg\" alt=\"\" class=\"wp-image-15\"\/><\/figure>\n","protected":false},"excerpt":{"rendered":"<p>Popis realizace podaktivity Obsahem prvn\u00ed \u010d\u00e1sti zam\u011b\u0159en\u00e9 na Z\u0160 je realizace krou\u017eku pro \u017e\u00e1ky z\u00e1kladn\u00edch \u0161kol se \u010dtrn\u00e1cti tematick\u00fdmi celky, kter\u00e9 vytv\u00e1\u0159\u00ed komplexn\u00ed n\u00e1hled na technick\u00e9 oblasti a jejich aplikovatelnost v praxi a b\u011b\u017en\u00e9m \u017eivot\u011b. Z\u00e1rove\u0148 se sv\u00fdm obsahem krou\u017eek &hellip; <a href=\"https:\/\/ikap.spsbv.cz\/index.php\/krouzky-pro-zs\/\">Cel\u00fd p\u0159\u00edsp\u011bvek <span class=\"meta-nav\">&rarr;<\/span><\/a><\/p>\n","protected":false},"author":1,"featured_media":0,"parent":0,"menu_order":4,"comment_status":"closed","ping_status":"closed","template":"","meta":[],"_links":{"self":[{"href":"https:\/\/ikap.spsbv.cz\/index.php\/wp-json\/wp\/v2\/pages\/25"}],"collection":[{"href":"https:\/\/ikap.spsbv.cz\/index.php\/wp-json\/wp\/v2\/pages"}],"about":[{"href":"https:\/\/ikap.spsbv.cz\/index.php\/wp-json\/wp\/v2\/types\/page"}],"author":[{"embeddable":true,"href":"https:\/\/ikap.spsbv.cz\/index.php\/wp-json\/wp\/v2\/users\/1"}],"replies":[{"embeddable":true,"href":"https:\/\/ikap.spsbv.cz\/index.php\/wp-json\/wp\/v2\/comments?post=25"}],"version-history":[{"count":7,"href":"https:\/\/ikap.spsbv.cz\/index.php\/wp-json\/wp\/v2\/pages\/25\/revisions"}],"predecessor-version":[{"id":114,"href":"https:\/\/ikap.spsbv.cz\/index.php\/wp-json\/wp\/v2\/pages\/25\/revisions\/114"}],"wp:attachment":[{"href":"https:\/\/ikap.spsbv.cz\/index.php\/wp-json\/wp\/v2\/media?parent=25"}],"curies":[{"name":"wp","href":"https:\/\/api.w.org\/{rel}","templated":true}]}}