{"id":23,"date":"2020-09-26T14:07:45","date_gmt":"2020-09-26T12:07:45","guid":{"rendered":"http:\/\/ikap.spsbv.cz\/?page_id=23"},"modified":"2020-09-28T20:40:21","modified_gmt":"2020-09-28T18:40:21","slug":"realizacni-tym","status":"publish","type":"page","link":"https:\/\/ikap.spsbv.cz\/index.php\/realizacni-tym\/","title":{"rendered":"Realiza\u010dn\u00ed t\u00fdm"},"content":{"rendered":"\n<p><\/p>\n\n\n\n<p><strong>Ing. Vil\u00e9m Z\u00e1vodn\u00fd<\/strong> <\/p>\n\n\n\n<p>Odborn\u00fd garant aktivit partnera I., Autor elektronick\u00fdch test\u016f<\/p>\n\n\n\n<p><strong>Ing. Ilona Galanidisov\u00e1 <\/strong><\/p>\n\n\n\n<p>Odborn\u00fd garant aktivit partnera II.Lektor krou\u017ek\u016f Z\u0160<\/p>\n\n\n\n<p><strong>Ing. Filip Dosko\u010dil <\/strong><\/p>\n\n\n\n<p>Lektor krou\u017ek\u016f Z\u0160 a S\u0160, Autor elektronick\u00fdch test\u016f<\/p>\n\n\n\n<p><strong>Ing. Jan Kotla\u0159\u00edk <\/strong><\/p>\n\n\n\n<p>Lektor krou\u017ek\u016f Z\u0160 a S\u0160, Autor elektronick\u00fdch test\u016f<\/p>\n\n\n\n<p><strong>Ing. Ji\u0159\u00ed Knapil <\/strong><\/p>\n\n\n\n<p>Lektor krou\u017ek\u016f Z\u0160 a S\u0160, Autor elektronick\u00fdch test\u016f<\/p>\n\n\n\n<p><strong>Mgr. Iveta Krej\u010d\u00ed <\/strong><\/p>\n\n\n\n<p>Lektor krou\u017ek\u016f Z\u0160, Autor elektronick\u00fdch test\u016f<\/p>\n\n\n\n<p><strong>Mgr. Milan Kova\u0159\u00edk <\/strong><\/p>\n\n\n\n<p>Lektor krou\u017ek\u016f Z\u0160, Autor elektronick\u00fdch test\u016f<\/p>\n\n\n\n<p><strong>Milan Mrk\u00fdvka <\/strong><\/p>\n\n\n\n<p>Lektor krou\u017ek\u016f Z\u0160<\/p>\n\n\n\n<p><strong>Ji\u0159\u00ed L\u00e9tal <\/strong><\/p>\n\n\n\n<p>Lektor krou\u017ek\u016f Z\u0160<\/p>\n\n\n\n<p><strong>Anton\u00edn Truba\u010d <\/strong><\/p>\n\n\n\n<p>Lektor krou\u017ek\u016f Z\u0160<\/p>\n\n\n\n<p><strong>Miloslav Balga <\/strong><\/p>\n\n\n\n<p>Lektor krou\u017ek\u016f Z\u0160<\/p>\n\n\n\n<figure class=\"wp-block-image size-large\"><img src=\"http:\/\/ikap.spsbv.cz\/wp-content\/uploads\/2020\/09\/logolink.jpg\" alt=\"\" class=\"wp-image-15\"\/><\/figure>\n","protected":false},"excerpt":{"rendered":"<p>Ing. Vil\u00e9m Z\u00e1vodn\u00fd Odborn\u00fd garant aktivit partnera I., Autor elektronick\u00fdch test\u016f Ing. Ilona Galanidisov\u00e1 Odborn\u00fd garant aktivit partnera II.Lektor krou\u017ek\u016f Z\u0160 Ing. Filip Dosko\u010dil Lektor krou\u017ek\u016f Z\u0160 a S\u0160, Autor elektronick\u00fdch test\u016f Ing. Jan Kotla\u0159\u00edk Lektor krou\u017ek\u016f Z\u0160 a S\u0160, &hellip; <a href=\"https:\/\/ikap.spsbv.cz\/index.php\/realizacni-tym\/\">Cel\u00fd p\u0159\u00edsp\u011bvek <span class=\"meta-nav\">&rarr;<\/span><\/a><\/p>\n","protected":false},"author":1,"featured_media":0,"parent":0,"menu_order":2,"comment_status":"closed","ping_status":"closed","template":"","meta":[],"_links":{"self":[{"href":"https:\/\/ikap.spsbv.cz\/index.php\/wp-json\/wp\/v2\/pages\/23"}],"collection":[{"href":"https:\/\/ikap.spsbv.cz\/index.php\/wp-json\/wp\/v2\/pages"}],"about":[{"href":"https:\/\/ikap.spsbv.cz\/index.php\/wp-json\/wp\/v2\/types\/page"}],"author":[{"embeddable":true,"href":"https:\/\/ikap.spsbv.cz\/index.php\/wp-json\/wp\/v2\/users\/1"}],"replies":[{"embeddable":true,"href":"https:\/\/ikap.spsbv.cz\/index.php\/wp-json\/wp\/v2\/comments?post=23"}],"version-history":[{"count":5,"href":"https:\/\/ikap.spsbv.cz\/index.php\/wp-json\/wp\/v2\/pages\/23\/revisions"}],"predecessor-version":[{"id":112,"href":"https:\/\/ikap.spsbv.cz\/index.php\/wp-json\/wp\/v2\/pages\/23\/revisions\/112"}],"wp:attachment":[{"href":"https:\/\/ikap.spsbv.cz\/index.php\/wp-json\/wp\/v2\/media?parent=23"}],"curies":[{"name":"wp","href":"https:\/\/api.w.org\/{rel}","templated":true}]}}